{"id":546,"date":"2023-09-04T15:15:09","date_gmt":"2023-09-04T15:15:09","guid":{"rendered":"https:\/\/nex-perience.com\/?page_id=546"},"modified":"2023-10-17T17:52:08","modified_gmt":"2023-10-17T17:52:08","slug":"historique","status":"publish","type":"page","link":"https:\/\/nex-perience.com\/fr\/historique\/","title":{"rendered":"Historique"},"content":{"rendered":"<style>.elementor-546 .elementor-element.elementor-element-047022b{--display:flex;--flex-direction:row;--container-widget-width:calc( ( 1 - var( --container-widget-flex-grow ) ) * 100% );--container-widget-height:100%;--container-widget-flex-grow:1;--container-widget-align-self:stretch;--flex-wrap-mobile:wrap;--align-items:stretch;--gap:0px 0px;--row-gap:0px;--column-gap:0px;--margin-top:100px;--margin-bottom:130px;--margin-left:0px;--margin-right:0px;--padding-top:0px;--padding-bottom:0px;--padding-left:250px;--padding-right:150px;}.elementor-546 .elementor-element.elementor-element-ccda3be{--display:flex;--justify-content:flex-start;--gap:0px 0px;--row-gap:0px;--column-gap:0px;--margin-top:0px;--margin-bottom:0px;--margin-left:0px;--margin-right:0px;--padding-top:0px;--padding-bottom:0px;--padding-left:0px;--padding-right:30px;}.elementor-546 .elementor-element.elementor-element-cb9ae60 > .elementor-widget-container{margin:0px 0px 25px 0px;padding:0px 0px 0px 0px;}.elementor-546 .elementor-element.elementor-element-cb9ae60{z-index:2;}.elementor-546 .elementor-element.elementor-element-cb9ae60 .elementor-heading-title{font-family:var( --e-global-typography-eac6e3c-font-family ), Sans-serif;font-size:var( --e-global-typography-eac6e3c-font-size );font-weight:var( --e-global-typography-eac6e3c-font-weight );line-height:var( --e-global-typography-eac6e3c-line-height );letter-spacing:var( --e-global-typography-eac6e3c-letter-spacing );word-spacing:var( --e-global-typography-eac6e3c-word-spacing );color:var( --e-global-color-primary );}.elementor-546 .elementor-element.elementor-element-98c5992{width:initial;max-width:initial;z-index:2;font-family:\"Montserrat\", Sans-serif;font-size:20px;font-weight:500;line-height:1.4em;color:var( --e-global-color-91a5d68 );}.elementor-546 .elementor-element.elementor-element-98c5992 > .elementor-widget-container{margin:0rem 0rem 0rem 0rem;padding:0px 0px 0px 0px;}.elementor-546 .elementor-element.elementor-element-271061b{--display:flex;--flex-direction:row;--container-widget-width:calc( ( 1 - var( --container-widget-flex-grow ) ) * 100% );--container-widget-height:100%;--container-widget-flex-grow:1;--container-widget-align-self:stretch;--flex-wrap-mobile:wrap;--align-items:stretch;--gap:20px 20px;--row-gap:20px;--column-gap:20px;--margin-top:40px;--margin-bottom:20px;--margin-left:0px;--margin-right:0px;--padding-top:0px;--padding-bottom:0px;--padding-left:0px;--padding-right:0px;}.elementor-546 .elementor-element.elementor-element-2566f6b img{width:100%;height:200px;object-fit:cover;object-position:center center;}.elementor-546 .elementor-element.elementor-element-bc5f7bb img{width:100%;height:170px;object-fit:cover;object-position:center center;}.elementor-546 .elementor-element.elementor-element-28e5df2 img{width:100%;height:150px;object-fit:cover;object-position:center center;}.elementor-546 .elementor-element.elementor-element-6842aa8{--display:flex;}.elementor-546 .elementor-element.elementor-element-9ce323b img{width:100%;height:600px;object-fit:cover;object-position:center center;}.elementor-546 .elementor-element.elementor-element-3bee400{--display:flex;--flex-direction:row;--container-widget-width:calc( ( 1 - var( --container-widget-flex-grow ) ) * 100% );--container-widget-height:100%;--container-widget-flex-grow:1;--container-widget-align-self:stretch;--flex-wrap-mobile:wrap;--align-items:stretch;--gap:0px 0px;--row-gap:0px;--column-gap:0px;--margin-top:0px;--margin-bottom:0px;--margin-left:0px;--margin-right:0px;--padding-top:0px;--padding-bottom:0px;--padding-left:250px;--padding-right:150px;--z-index:2;}.elementor-546 .elementor-element.elementor-element-57d6b25{--display:flex;--padding-top:0px;--padding-bottom:0px;--padding-left:0px;--padding-right:0px;}.elementor-546 .elementor-element.elementor-element-3c9cb4a{width:initial;max-width:initial;z-index:2;font-family:\"Montserrat\", Sans-serif;font-size:20px;font-weight:500;line-height:1.4em;color:var( --e-global-color-91a5d68 );}.elementor-546 .elementor-element.elementor-element-3c9cb4a > .elementor-widget-container{margin:0rem 0rem 0rem 0rem;padding:0px 0px 0px 0px;}.elementor-546 .elementor-element.elementor-element-4c0873b{width:initial;max-width:initial;z-index:2;font-family:\"Montserrat\", Sans-serif;font-size:20px;font-weight:500;line-height:1.4em;color:var( --e-global-color-91a5d68 );}.elementor-546 .elementor-element.elementor-element-4c0873b > .elementor-widget-container{margin:0rem 0rem 0rem 0rem;padding:0px 0px 0px 0px;}.elementor-546 .elementor-element.elementor-element-b9f3020{--display:flex;--flex-direction:row;--container-widget-width:initial;--container-widget-height:100%;--container-widget-flex-grow:1;--container-widget-align-self:stretch;--flex-wrap-mobile:wrap;--gap:0px 0px;--row-gap:0px;--column-gap:0px;--flex-wrap:wrap;--margin-top:150px;--margin-bottom:0px;--margin-left:0px;--margin-right:0px;--padding-top:0px;--padding-bottom:0px;--padding-left:250px;--padding-right:150px;}.elementor-546 .elementor-element.elementor-element-e0f0968{--display:flex;--flex-direction:column;--container-widget-width:100%;--container-widget-height:initial;--container-widget-flex-grow:0;--container-widget-align-self:initial;--flex-wrap-mobile:wrap;--margin-top:0px;--margin-bottom:0px;--margin-left:0px;--margin-right:0px;--padding-top:0px;--padding-bottom:0px;--padding-left:0px;--padding-right:30px;}.elementor-546 .elementor-element.elementor-element-ad4a1e0{width:var( --container-widget-width, 900px );max-width:900px;--container-widget-width:900px;--container-widget-flex-grow:0;z-index:2;font-family:\"Montserrat\", Sans-serif;font-size:18px;font-weight:500;line-height:1.4em;color:var( --e-global-color-91a5d68 );}.elementor-546 .elementor-element.elementor-element-ad4a1e0 > .elementor-widget-container{margin:0rem 0rem 0rem 0rem;padding:0px 0px 0px 0px;}.elementor-546 .elementor-element.elementor-element-307cccd{--display:flex;--flex-direction:column;--container-widget-width:100%;--container-widget-height:initial;--container-widget-flex-grow:0;--container-widget-align-self:initial;--flex-wrap-mobile:wrap;--margin-top:0px;--margin-bottom:0px;--margin-left:0px;--margin-right:0px;--padding-top:0px;--padding-bottom:0px;--padding-left:30px;--padding-right:0px;}.elementor-546 .elementor-element.elementor-element-0e26747{width:var( --container-widget-width, 900px );max-width:900px;--container-widget-width:900px;--container-widget-flex-grow:0;z-index:2;font-family:\"Montserrat\", Sans-serif;font-size:18px;font-weight:500;line-height:1.4em;color:var( --e-global-color-91a5d68 );}.elementor-546 .elementor-element.elementor-element-0e26747 > .elementor-widget-container{margin:0rem 0rem 0rem 0rem;padding:0px 0px 0px 0px;}:root{--page-title-display:none;}@media(max-width:1366px){.elementor-546 .elementor-element.elementor-element-047022b{--padding-top:0px;--padding-bottom:0px;--padding-left:250px;--padding-right:30px;}.elementor-546 .elementor-element.elementor-element-cb9ae60 .elementor-heading-title{font-size:var( --e-global-typography-eac6e3c-font-size );line-height:var( --e-global-typography-eac6e3c-line-height );letter-spacing:var( --e-global-typography-eac6e3c-letter-spacing );word-spacing:var( --e-global-typography-eac6e3c-word-spacing );}.elementor-546 .elementor-element.elementor-element-b9f3020{--padding-top:0px;--padding-bottom:0px;--padding-left:250px;--padding-right:30px;}}@media(max-width:1024px){.elementor-546 .elementor-element.elementor-element-047022b{--padding-top:0px;--padding-bottom:0px;--padding-left:15px;--padding-right:15px;}.elementor-546 .elementor-element.elementor-element-ccda3be{--padding-top:0px;--padding-bottom:0px;--padding-left:0px;--padding-right:30px;}.elementor-546 .elementor-element.elementor-element-cb9ae60 .elementor-heading-title{font-size:var( --e-global-typography-eac6e3c-font-size );line-height:var( --e-global-typography-eac6e3c-line-height );letter-spacing:var( --e-global-typography-eac6e3c-letter-spacing );word-spacing:var( --e-global-typography-eac6e3c-word-spacing );}.elementor-546 .elementor-element.elementor-element-6842aa8{--margin-top:0px;--margin-bottom:0px;--margin-left:0px;--margin-right:0px;}.elementor-546 .elementor-element.elementor-element-9ce323b img{height:400px;}.elementor-546 .elementor-element.elementor-element-3bee400{--padding-top:0px;--padding-bottom:0px;--padding-left:15px;--padding-right:15px;}.elementor-546 .elementor-element.elementor-element-57d6b25{--padding-top:0px;--padding-bottom:0px;--padding-left:0px;--padding-right:0px;}.elementor-546 .elementor-element.elementor-element-b9f3020{--padding-top:0px;--padding-bottom:-79px;--padding-left:15px;--padding-right:15px;}}@media(max-width:880px){.elementor-546 .elementor-element.elementor-element-6842aa8{--margin-top:0px;--margin-bottom:0px;--margin-left:0px;--margin-right:0px;}.elementor-546 .elementor-element.elementor-element-ad4a1e0{font-size:16px;}.elementor-546 .elementor-element.elementor-element-0e26747{font-size:16px;}}@media(max-width:767px){.elementor-546 .elementor-element.elementor-element-047022b{--flex-direction:row;--container-widget-width:initial;--container-widget-height:100%;--container-widget-flex-grow:1;--container-widget-align-self:stretch;--flex-wrap-mobile:wrap;--margin-top:50px;--margin-bottom:50px;--margin-left:0px;--margin-right:0px;}.elementor-546 .elementor-element.elementor-element-ccda3be{--margin-top:30px;--margin-bottom:0px;--margin-left:0px;--margin-right:0px;--padding-top:0px;--padding-bottom:0px;--padding-left:0px;--padding-right:0px;}.elementor-546 .elementor-element.elementor-element-ccda3be.e-con{--order:99999 \/* order end hack *\/;}.elementor-546 .elementor-element.elementor-element-cb9ae60 .elementor-heading-title{font-size:var( --e-global-typography-eac6e3c-font-size );line-height:var( --e-global-typography-eac6e3c-line-height );letter-spacing:var( --e-global-typography-eac6e3c-letter-spacing );word-spacing:var( --e-global-typography-eac6e3c-word-spacing );}.elementor-546 .elementor-element.elementor-element-98c5992{font-size:16px;}.elementor-546 .elementor-element.elementor-element-2566f6b img{width:100%;}.elementor-546 .elementor-element.elementor-element-bc5f7bb img{height:200px;}.elementor-546 .elementor-element.elementor-element-28e5df2 img{height:200px;}.elementor-546 .elementor-element.elementor-element-6842aa8{--padding-top:0px;--padding-bottom:0px;--padding-left:0px;--padding-right:0px;}.elementor-546 .elementor-element.elementor-element-9ce323b img{height:350px;}.elementor-546 .elementor-element.elementor-element-3c9cb4a{font-size:16px;}.elementor-546 .elementor-element.elementor-element-4c0873b{font-size:16px;}.elementor-546 .elementor-element.elementor-element-b9f3020{--margin-top:50px;--margin-bottom:0px;--margin-left:0px;--margin-right:0px;--padding-top:0px;--padding-bottom:0px;--padding-left:15px;--padding-right:15px;}.elementor-546 .elementor-element.elementor-element-e0f0968{--padding-top:0px;--padding-bottom:0px;--padding-left:0px;--padding-right:0px;}.elementor-546 .elementor-element.elementor-element-ad4a1e0{font-size:16px;}.elementor-546 .elementor-element.elementor-element-307cccd{--padding-top:0px;--padding-bottom:0px;--padding-left:0px;--padding-right:0px;}.elementor-546 .elementor-element.elementor-element-0e26747{font-size:16px;}}@media(min-width:768px){.elementor-546 .elementor-element.elementor-element-ccda3be{--width:40%;}.elementor-546 .elementor-element.elementor-element-6842aa8{--width:60%;}.elementor-546 .elementor-element.elementor-element-e0f0968{--width:50%;}.elementor-546 .elementor-element.elementor-element-307cccd{--width:50%;}}@media(max-width:1366px) and (min-width:768px){.elementor-546 .elementor-element.elementor-element-ccda3be{--width:40%;}.elementor-546 .elementor-element.elementor-element-6842aa8{--width:60%;}}@media(max-width:1024px) and (min-width:768px){.elementor-546 .elementor-element.elementor-element-ccda3be{--width:100%;}.elementor-546 .elementor-element.elementor-element-6842aa8{--width:100%;}}\/* Start custom CSS for container, class: .elementor-element-57d6b25 *\/.elementor-546 .elementor-element.elementor-element-57d6b25 a {\r\n    font-family: Montserrat;\r\n    color: #003399;\r\n    \/* link state *\/\r\n}\r\n\r\n.elementor-546 .elementor-element.elementor-element-57d6b25 a:hover {\r\n    font-family: Montserrat;\r\n    color: #9B8184;\r\n    \/* hover state *\/\r\n}\/* End custom CSS *\/<\/style>\t\t<div data-elementor-type=\"wp-page\" data-elementor-id=\"546\" class=\"elementor elementor-546\" data-elementor-post-type=\"page\">\n\t\t\t\t<div class=\"elementor-element elementor-element-047022b e-con-full e-flex e-con e-parent\" data-id=\"047022b\" data-element_type=\"container\">\n\t\t<div class=\"elementor-element elementor-element-ccda3be e-con-full e-flex e-con e-child\" data-id=\"ccda3be\" data-element_type=\"container\">\n\t\t\t\t<div class=\"elementor-element elementor-element-cb9ae60 elementor-widget elementor-widget-heading\" data-id=\"cb9ae60\" data-element_type=\"widget\" data-widget_type=\"heading.default\">\n\t\t\t\t<div class=\"elementor-widget-container\">\n\t\t\t\t\t<h2 class=\"elementor-heading-title elementor-size-default\">HISTORIQUE<\/h2>\t\t\t\t<\/div>\n\t\t\t\t<\/div>\n\t\t\t\t<div class=\"elementor-element elementor-element-98c5992 elementor-widget__width-initial elementor-widget elementor-widget-text-editor\" data-id=\"98c5992\" data-element_type=\"widget\" data-widget_type=\"text-editor.default\">\n\t\t\t\t<div class=\"elementor-widget-container\">\n\t\t\t\t\t\t\t\t\tVal\u00e9rie Milot et St\u00e9phane T\u00e9treault sont des musiciens et producteurs forts d&rsquo;une exp\u00e9rience de la sc\u00e8ne cumul\u00e9e sur plus de 15 ans. Ils se sont sentis interpell\u00e9s par divers enjeux li\u00e9s \u00e0 la communication entre les artistes et leur public, notamment au niveau des t\u00e9l\u00e9phones cellulaires et de la diffusion d&rsquo;information sur des programmes imprim\u00e9s.\t\t\t\t\t\t\t\t<\/div>\n\t\t\t\t<\/div>\n\t\t<div class=\"elementor-element elementor-element-271061b e-con-full e-flex e-con e-child\" data-id=\"271061b\" data-element_type=\"container\">\n\t\t\t\t<div class=\"elementor-element elementor-element-2566f6b elementor-widget elementor-widget-image\" data-id=\"2566f6b\" data-element_type=\"widget\" data-widget_type=\"image.default\">\n\t\t\t\t<div class=\"elementor-widget-container\">\n\t\t\t\t\t\t\t\t\t\t\t\t\t\t\t<img loading=\"lazy\" decoding=\"async\" width=\"746\" height=\"596\" src=\"https:\/\/nex-perience.com\/wp-content\/uploads\/2023\/10\/iPhone-Home3.jpg\" class=\"attachment-large size-large wp-image-1155\" alt=\"\" srcset=\"https:\/\/nex-perience.com\/wp-content\/uploads\/2023\/10\/iPhone-Home3.jpg 746w, https:\/\/nex-perience.com\/wp-content\/uploads\/2023\/10\/iPhone-Home3-300x240.jpg 300w\" sizes=\"auto, (max-width: 746px) 100vw, 746px\" \/>\t\t\t\t\t\t\t\t\t\t\t\t\t\t\t<\/div>\n\t\t\t\t<\/div>\n\t\t\t\t<div class=\"elementor-element elementor-element-bc5f7bb elementor-widget elementor-widget-image\" data-id=\"bc5f7bb\" data-element_type=\"widget\" data-widget_type=\"image.default\">\n\t\t\t\t<div class=\"elementor-widget-container\">\n\t\t\t\t\t\t\t\t\t\t\t\t\t\t\t<img loading=\"lazy\" decoding=\"async\" width=\"746\" height=\"596\" src=\"https:\/\/nex-perience.com\/wp-content\/uploads\/2023\/10\/iPhone-Home2.jpg\" class=\"attachment-large size-large wp-image-1153\" alt=\"\" srcset=\"https:\/\/nex-perience.com\/wp-content\/uploads\/2023\/10\/iPhone-Home2.jpg 746w, https:\/\/nex-perience.com\/wp-content\/uploads\/2023\/10\/iPhone-Home2-300x240.jpg 300w\" sizes=\"auto, (max-width: 746px) 100vw, 746px\" \/>\t\t\t\t\t\t\t\t\t\t\t\t\t\t\t<\/div>\n\t\t\t\t<\/div>\n\t\t\t\t<div class=\"elementor-element elementor-element-28e5df2 elementor-widget elementor-widget-image\" data-id=\"28e5df2\" data-element_type=\"widget\" data-widget_type=\"image.default\">\n\t\t\t\t<div class=\"elementor-widget-container\">\n\t\t\t\t\t\t\t\t\t\t\t\t\t\t\t<img loading=\"lazy\" decoding=\"async\" width=\"746\" height=\"596\" src=\"https:\/\/nex-perience.com\/wp-content\/uploads\/2023\/10\/iPhone-Home-1.jpg\" class=\"attachment-large size-large wp-image-1151\" alt=\"\" srcset=\"https:\/\/nex-perience.com\/wp-content\/uploads\/2023\/10\/iPhone-Home-1.jpg 746w, https:\/\/nex-perience.com\/wp-content\/uploads\/2023\/10\/iPhone-Home-1-300x240.jpg 300w\" sizes=\"auto, (max-width: 746px) 100vw, 746px\" \/>\t\t\t\t\t\t\t\t\t\t\t\t\t\t\t<\/div>\n\t\t\t\t<\/div>\n\t\t\t\t<\/div>\n\t\t\t\t<\/div>\n\t\t<div class=\"elementor-element elementor-element-6842aa8 e-con-full e-flex e-con e-child\" data-id=\"6842aa8\" data-element_type=\"container\">\n\t\t\t\t<div class=\"elementor-element elementor-element-9ce323b elementor-widget elementor-widget-image\" data-id=\"9ce323b\" data-element_type=\"widget\" data-widget_type=\"image.default\">\n\t\t\t\t<div class=\"elementor-widget-container\">\n\t\t\t\t\t\t\t\t\t\t\t\t\t\t\t<img loading=\"lazy\" decoding=\"async\" width=\"700\" height=\"700\" src=\"https:\/\/nex-perience.com\/wp-content\/uploads\/2023\/09\/273507904_367777052014658_6190078368778139494_n-1-700x700.jpg\" class=\"attachment-tp-image-grid size-tp-image-grid wp-image-584\" alt=\"\" srcset=\"https:\/\/nex-perience.com\/wp-content\/uploads\/2023\/09\/273507904_367777052014658_6190078368778139494_n-1-700x700.jpg 700w, https:\/\/nex-perience.com\/wp-content\/uploads\/2023\/09\/273507904_367777052014658_6190078368778139494_n-1-150x150.jpg 150w\" sizes=\"auto, (max-width: 700px) 100vw, 700px\" \/>\t\t\t\t\t\t\t\t\t\t\t\t\t\t\t<\/div>\n\t\t\t\t<\/div>\n\t\t\t\t<\/div>\n\t\t\t\t<\/div>\n\t\t<div class=\"elementor-element elementor-element-3bee400 e-con-full e-flex e-con e-parent\" data-id=\"3bee400\" data-element_type=\"container\">\n\t\t<div class=\"elementor-element elementor-element-57d6b25 e-con-full e-flex e-con e-child\" data-id=\"57d6b25\" data-element_type=\"container\">\n\t\t\t\t<div class=\"elementor-element elementor-element-3c9cb4a elementor-widget__width-initial elementor-widget elementor-widget-text-editor\" data-id=\"3c9cb4a\" data-element_type=\"widget\" data-widget_type=\"text-editor.default\">\n\t\t\t\t<div class=\"elementor-widget-container\">\n\t\t\t\t\t\t\t\t\t<p>La technologie pr\u00e9liminaire \u00e0 NEX-p\u00e9rience a \u00e9t\u00e9 d\u00e9velopp\u00e9e pour une production en tourn\u00e9e intitul\u00e9e <strong><em><a href=\"https:\/\/transfiguration.live\/\" target=\"_blank\" rel=\"noopener\">Transfiguration<\/a><\/em><\/strong>, mettant en vedette les deux co-fondateurs. Conscients du potentiel de cette web app, valid\u00e9 par le succ\u00e8s connu aupr\u00e8s du public, ils ont d\u00e9marr\u00e9 cette nouvelle entreprise afin d\u2019en d\u00e9velopper une version facile d\u2019acc\u00e8s et d\u2019usage pour une vari\u00e9t\u00e9 d\u2019organismes culturels et d\u2019artistes en tourn\u00e9e.<\/p>\t\t\t\t\t\t\t\t<\/div>\n\t\t\t\t<\/div>\n\t\t\t\t<div class=\"elementor-element elementor-element-4c0873b elementor-widget__width-initial elementor-widget elementor-widget-text-editor\" data-id=\"4c0873b\" data-element_type=\"widget\" data-widget_type=\"text-editor.default\">\n\t\t\t\t<div class=\"elementor-widget-container\">\n\t\t\t\t\t\t\t\t\tAu cours de la saison 2023-2024, la plateforme NEX-p\u00e9rience \u00e9voluera jusqu\u2019\u00e0 son lancement officiel au printemps 2024. Elle sera alors offerte au march\u00e9 international et pourra s\u2019adapter \u00e0 une vari\u00e9t\u00e9 de contextes o\u00f9 la connexion avec le public est prioris\u00e9e.\t\t\t\t\t\t\t\t<\/div>\n\t\t\t\t<\/div>\n\t\t\t\t<\/div>\n\t\t\t\t<\/div>\n\t\t<div class=\"elementor-element elementor-element-b9f3020 e-con-full e-flex e-con e-parent\" data-id=\"b9f3020\" data-element_type=\"container\">\n\t\t<div class=\"elementor-element elementor-element-e0f0968 e-con-full e-flex e-con e-child\" data-id=\"e0f0968\" data-element_type=\"container\">\n\t\t\t\t<div class=\"elementor-element elementor-element-f3797d2 elementor-widget elementor-widget-image\" data-id=\"f3797d2\" data-element_type=\"widget\" data-widget_type=\"image.default\">\n\t\t\t\t<div class=\"elementor-widget-container\">\n\t\t\t\t\t\t\t\t\t\t\t\t\t\t\t<img loading=\"lazy\" decoding=\"async\" width=\"800\" height=\"534\" src=\"https:\/\/nex-perience.com\/wp-content\/uploads\/2023\/09\/Valerie_HeadShot_Full-1-1024x683.jpg\" class=\"attachment-large size-large wp-image-826\" alt=\"\" srcset=\"https:\/\/nex-perience.com\/wp-content\/uploads\/2023\/09\/Valerie_HeadShot_Full-1-1024x683.jpg 1024w, https:\/\/nex-perience.com\/wp-content\/uploads\/2023\/09\/Valerie_HeadShot_Full-1-300x200.jpg 300w, https:\/\/nex-perience.com\/wp-content\/uploads\/2023\/09\/Valerie_HeadShot_Full-1-768x512.jpg 768w, https:\/\/nex-perience.com\/wp-content\/uploads\/2023\/09\/Valerie_HeadShot_Full-1-1536x1025.jpg 1536w, https:\/\/nex-perience.com\/wp-content\/uploads\/2023\/09\/Valerie_HeadShot_Full-1.jpg 1949w\" sizes=\"auto, (max-width: 800px) 100vw, 800px\" \/>\t\t\t\t\t\t\t\t\t\t\t\t\t\t\t<\/div>\n\t\t\t\t<\/div>\n\t\t\t\t<div class=\"elementor-element elementor-element-ad4a1e0 elementor-widget__width-initial elementor-widget elementor-widget-text-editor\" data-id=\"ad4a1e0\" data-element_type=\"widget\" data-widget_type=\"text-editor.default\">\n\t\t\t\t<div class=\"elementor-widget-container\">\n\t\t\t\t\t\t\t\t\t<p>Musicienne r\u00e9put\u00e9e, <strong>Val\u00e9rie Milot<\/strong> est \u00e9galement entrepreneure et p\u00e9dagogue. \u00c0 la t\u00eate de deux compagnies de production en musique, An\u00e9mone 47 et An\u00e9mone 13 Productions, elle r\u00e9alise plusieurs projets qui allient sa passion pour la musique et ses valeurs d\u2019\u00e9quit\u00e9 et de justice sociale. Professeure de harpe au Conservatoire de Montr\u00e9al depuis 2017, elle a aussi occup\u00e9 divers postes d\u2019enseignement depuis le tout d\u00e9but de sa carri\u00e8re en 2008 et donn\u00e9 diverses formations, tant comme entrepreneure que musicienne. Soliste et chambriste reconnue, elle met la harpe \u00e0 l\u2019avant-plan depuis plus de 15 ans, en actualisant son image.<\/p>\t\t\t\t\t\t\t\t<\/div>\n\t\t\t\t<\/div>\n\t\t\t\t<\/div>\n\t\t<div class=\"elementor-element elementor-element-307cccd e-con-full e-flex e-con e-child\" data-id=\"307cccd\" data-element_type=\"container\">\n\t\t\t\t<div class=\"elementor-element elementor-element-b56b315 elementor-widget elementor-widget-image\" data-id=\"b56b315\" data-element_type=\"widget\" data-widget_type=\"image.default\">\n\t\t\t\t<div class=\"elementor-widget-container\">\n\t\t\t\t\t\t\t\t\t\t\t\t\t\t\t<img loading=\"lazy\" decoding=\"async\" width=\"800\" height=\"534\" src=\"https:\/\/nex-perience.com\/wp-content\/uploads\/2023\/09\/Stephane_HeadShot_Full-1-1024x683.jpg\" class=\"attachment-large size-large wp-image-828\" alt=\"\" srcset=\"https:\/\/nex-perience.com\/wp-content\/uploads\/2023\/09\/Stephane_HeadShot_Full-1-1024x683.jpg 1024w, https:\/\/nex-perience.com\/wp-content\/uploads\/2023\/09\/Stephane_HeadShot_Full-1-300x200.jpg 300w, https:\/\/nex-perience.com\/wp-content\/uploads\/2023\/09\/Stephane_HeadShot_Full-1-768x512.jpg 768w, https:\/\/nex-perience.com\/wp-content\/uploads\/2023\/09\/Stephane_HeadShot_Full-1-1536x1025.jpg 1536w, https:\/\/nex-perience.com\/wp-content\/uploads\/2023\/09\/Stephane_HeadShot_Full-1.jpg 1949w\" sizes=\"auto, (max-width: 800px) 100vw, 800px\" \/>\t\t\t\t\t\t\t\t\t\t\t\t\t\t\t<\/div>\n\t\t\t\t<\/div>\n\t\t\t\t<div class=\"elementor-element elementor-element-0e26747 elementor-widget__width-initial elementor-widget elementor-widget-text-editor\" data-id=\"0e26747\" data-element_type=\"widget\" data-widget_type=\"text-editor.default\">\n\t\t\t\t<div class=\"elementor-widget-container\">\n\t\t\t\t\t\t\t\t\t<p>En plus d\u2019\u00eatre un artiste polyvalent et hautement sollicit\u00e9, <strong>St\u00e9phane T\u00e9treault<\/strong> assume le r\u00f4le de producteur depuis de nombreuses ann\u00e9es. Instigateur de plusieurs productions actuellement en tourn\u00e9e, il se d\u00e9montre un entrepreneur solide, muni d\u2019une vaste connaissance des volets essentiels qui assurent le succ\u00e8s d\u2019un projet, dont l\u2019organisation, la promotion et le financement. \u00c0 travers sa double carri\u00e8re, St\u00e9phane atteint des r\u00e9sultats impressionnants, malgr\u00e9 son jeune \u00e2ge de 30 ans.<\/p>\t\t\t\t\t\t\t\t<\/div>\n\t\t\t\t<\/div>\n\t\t\t\t<\/div>\n\t\t\t\t<\/div>\n\t\t\t\t<\/div>\n\t\t","protected":false},"excerpt":{"rendered":"<p>HISTORIQUE Val\u00e9rie Milot et St\u00e9phane T\u00e9treault sont des musiciens et producteurs forts d&rsquo;une exp\u00e9rience de la sc\u00e8ne cumul\u00e9e sur plus de 15 ans. Ils se sont sentis interpell\u00e9s par divers enjeux li\u00e9s \u00e0 la communication entre les artistes et leur public, notamment au niveau des t\u00e9l\u00e9phones cellulaires et de la diffusion d&rsquo;information sur des programmes [&hellip;]<\/p>\n","protected":false},"author":1,"featured_media":0,"parent":0,"menu_order":0,"comment_status":"closed","ping_status":"closed","template":"elementor_header_footer","meta":{"_acf_changed":false,"footnotes":""},"class_list":["post-546","page","type-page","status-publish","hentry"],"acf":[],"_links":{"self":[{"href":"https:\/\/nex-perience.com\/fr\/wp-json\/wp\/v2\/pages\/546","targetHints":{"allow":["GET"]}}],"collection":[{"href":"https:\/\/nex-perience.com\/fr\/wp-json\/wp\/v2\/pages"}],"about":[{"href":"https:\/\/nex-perience.com\/fr\/wp-json\/wp\/v2\/types\/page"}],"author":[{"embeddable":true,"href":"https:\/\/nex-perience.com\/fr\/wp-json\/wp\/v2\/users\/1"}],"replies":[{"embeddable":true,"href":"https:\/\/nex-perience.com\/fr\/wp-json\/wp\/v2\/comments?post=546"}],"version-history":[{"count":84,"href":"https:\/\/nex-perience.com\/fr\/wp-json\/wp\/v2\/pages\/546\/revisions"}],"predecessor-version":[{"id":1950,"href":"https:\/\/nex-perience.com\/fr\/wp-json\/wp\/v2\/pages\/546\/revisions\/1950"}],"wp:attachment":[{"href":"https:\/\/nex-perience.com\/fr\/wp-json\/wp\/v2\/media?parent=546"}],"curies":[{"name":"wp","href":"https:\/\/api.w.org\/{rel}","templated":true}]}}