{"id":548,"date":"2023-09-04T15:15:36","date_gmt":"2023-09-04T15:15:36","guid":{"rendered":"https:\/\/nex-perience.com\/?page_id=548"},"modified":"2023-10-17T19:36:44","modified_gmt":"2023-10-17T19:36:44","slug":"contact","status":"publish","type":"page","link":"https:\/\/nex-perience.com\/fr\/contact\/","title":{"rendered":"Contactez-nous"},"content":{"rendered":"<style>.elementor-548 .elementor-element.elementor-element-eafe575{--display:flex;--min-height:100vh;--flex-direction:row;--container-widget-width:calc( ( 1 - var( --container-widget-flex-grow ) ) * 100% );--container-widget-height:100%;--container-widget-flex-grow:1;--container-widget-align-self:stretch;--flex-wrap-mobile:wrap;--align-items:stretch;--gap:0px 0px;--row-gap:0px;--column-gap:0px;--padding-top:0px;--padding-bottom:0px;--padding-left:100px;--padding-right:0px;}.elementor-548 .elementor-element.elementor-element-8dc16c0{--display:flex;--justify-content:space-between;--overlay-opacity:0.55;--padding-top:80px;--padding-bottom:80px;--padding-left:80px;--padding-right:80px;}.elementor-548 .elementor-element.elementor-element-8dc16c0:not(.elementor-motion-effects-element-type-background), .elementor-548 .elementor-element.elementor-element-8dc16c0 > .elementor-motion-effects-container > .elementor-motion-effects-layer{background-image:url(\"https:\/\/nex-perience.com\/wp-content\/uploads\/2023\/09\/banner-2.jpg\");background-position:center center;background-repeat:no-repeat;background-size:cover;}.elementor-548 .elementor-element.elementor-element-8dc16c0::before, .elementor-548 .elementor-element.elementor-element-8dc16c0 > .elementor-background-video-container::before, .elementor-548 .elementor-element.elementor-element-8dc16c0 > .e-con-inner > .elementor-background-video-container::before, .elementor-548 .elementor-element.elementor-element-8dc16c0 > .elementor-background-slideshow::before, .elementor-548 .elementor-element.elementor-element-8dc16c0 > .e-con-inner > .elementor-background-slideshow::before, .elementor-548 .elementor-element.elementor-element-8dc16c0 > .elementor-motion-effects-container > .elementor-motion-effects-layer::before{background-color:#000000;--background-overlay:'';}.elementor-548 .elementor-element.elementor-element-ee879d1{--display:flex;--flex-direction:row;--container-widget-width:calc( ( 1 - var( --container-widget-flex-grow ) ) * 100% );--container-widget-height:100%;--container-widget-flex-grow:1;--container-widget-align-self:stretch;--flex-wrap-mobile:wrap;--align-items:stretch;--gap:10px 10px;--row-gap:10px;--column-gap:10px;}.elementor-548 .elementor-element.elementor-element-4207e24{--display:flex;--padding-top:0px;--padding-bottom:0px;--padding-left:0px;--padding-right:80px;}.elementor-548 .elementor-element.elementor-element-bad5a22{width:var( --container-widget-width, 365.188px );max-width:365.188px;--container-widget-width:365.188px;--container-widget-flex-grow:0;z-index:2;}.elementor-548 .elementor-element.elementor-element-bad5a22 > .elementor-widget-container{margin:0px 0px 40px 0px;}.elementor-548 .elementor-element.elementor-element-bad5a22.elementor-element{--flex-grow:0;--flex-shrink:0;}.elementor-548 .elementor-element.elementor-element-bad5a22 .elementor-heading-title{font-family:\"Montserrat\", Sans-serif;font-size:40px;font-weight:700;line-height:1.3em;letter-spacing:2px;color:var( --e-global-color-c2046db );}.elementor-548 .elementor-element.elementor-element-0ef0ebe{width:var( --container-widget-width, 420px );max-width:420px;--container-widget-width:420px;--container-widget-flex-grow:0;z-index:2;font-family:var( --e-global-typography-6ca0153-font-family ), Sans-serif;font-size:var( --e-global-typography-6ca0153-font-size );font-weight:var( --e-global-typography-6ca0153-font-weight );line-height:var( --e-global-typography-6ca0153-line-height );color:var( --e-global-color-c521aec );}.elementor-548 .elementor-element.elementor-element-0ef0ebe > .elementor-widget-container{margin:0rem 0rem -0.9rem 0rem;}.elementor-548 .elementor-element.elementor-element-ad64e63{--display:flex;--gap:0px 0px;--row-gap:0px;--column-gap:0px;--padding-top:80px;--padding-bottom:80px;--padding-left:80px;--padding-right:80px;}.elementor-548 .elementor-element.elementor-element-ad64e63:not(.elementor-motion-effects-element-type-background), .elementor-548 .elementor-element.elementor-element-ad64e63 > .elementor-motion-effects-container > .elementor-motion-effects-layer{background-color:var( --e-global-color-32839ca );}.elementor-548 .elementor-element.elementor-element-3a072d3{width:var( --container-widget-width, 780px );max-width:780px;--container-widget-width:780px;--container-widget-flex-grow:0;z-index:2;text-align:start;}.elementor-548 .elementor-element.elementor-element-3a072d3 > .elementor-widget-container{margin:0px 0px 20px 0px;}.elementor-548 .elementor-element.elementor-element-3a072d3 .elementor-heading-title{font-family:var( --e-global-typography-145e55f-font-family ), Sans-serif;font-size:var( --e-global-typography-145e55f-font-size );font-weight:var( --e-global-typography-145e55f-font-weight );text-transform:var( --e-global-typography-145e55f-text-transform );line-height:var( --e-global-typography-145e55f-line-height );letter-spacing:var( --e-global-typography-145e55f-letter-spacing );color:var( --e-global-color-c2046db );}.elementor-548 .elementor-element.elementor-element-b0578e4 > .elementor-widget-container{margin:40px 0px 0px 0px;}.elementor-548 .elementor-element.elementor-element-b0578e4 .elementor-field-group{padding-right:calc( 25px\/2 );padding-left:calc( 25px\/2 );margin-bottom:20px;}.elementor-548 .elementor-element.elementor-element-b0578e4 .elementor-form-fields-wrapper{margin-left:calc( -25px\/2 );margin-right:calc( -25px\/2 );margin-bottom:-20px;}.elementor-548 .elementor-element.elementor-element-b0578e4 .elementor-field-group.recaptcha_v3-bottomleft, .elementor-548 .elementor-element.elementor-element-b0578e4 .elementor-field-group.recaptcha_v3-bottomright{margin-bottom:0;}body.rtl .elementor-548 .elementor-element.elementor-element-b0578e4 .elementor-labels-inline .elementor-field-group > label{padding-left:12px;}body:not(.rtl) .elementor-548 .elementor-element.elementor-element-b0578e4 .elementor-labels-inline .elementor-field-group > label{padding-right:12px;}body .elementor-548 .elementor-element.elementor-element-b0578e4 .elementor-labels-above .elementor-field-group > label{padding-bottom:12px;}.elementor-548 .elementor-element.elementor-element-b0578e4 .elementor-field-group > label, .elementor-548 .elementor-element.elementor-element-b0578e4 .elementor-field-subgroup label{color:var( --e-global-color-c521aec );}.elementor-548 .elementor-element.elementor-element-b0578e4 .elementor-field-type-html{padding-bottom:0px;color:var( --e-global-color-c521aec );}.elementor-548 .elementor-element.elementor-element-b0578e4 .elementor-field-group .elementor-field{color:var( --e-global-color-c521aec );}.elementor-548 .elementor-element.elementor-element-b0578e4 .elementor-field-group .elementor-field:not(.elementor-select-wrapper){border-color:var( --e-global-color-2e7320b );}.elementor-548 .elementor-element.elementor-element-b0578e4 .elementor-field-group .elementor-select-wrapper select{border-color:var( --e-global-color-2e7320b );}.elementor-548 .elementor-element.elementor-element-b0578e4 .elementor-field-group .elementor-select-wrapper::before{color:var( --e-global-color-2e7320b );}.elementor-548 .elementor-element.elementor-element-b0578e4 .elementor-button{font-family:var( --e-global-typography-9c5fee8-font-family ), Sans-serif;font-size:var( --e-global-typography-9c5fee8-font-size );font-weight:var( --e-global-typography-9c5fee8-font-weight );line-height:var( --e-global-typography-9c5fee8-line-height );border-radius:6px 6px 6px 6px;}.elementor-548 .elementor-element.elementor-element-b0578e4 .e-form__buttons__wrapper__button-next{background-color:var( --e-global-color-c2046db );color:var( --e-global-color-primary );}.elementor-548 .elementor-element.elementor-element-b0578e4 .elementor-button[type=\"submit\"]{background-color:var( --e-global-color-c2046db );color:var( --e-global-color-primary );}.elementor-548 .elementor-element.elementor-element-b0578e4 .elementor-button[type=\"submit\"] svg *{fill:var( --e-global-color-primary );}.elementor-548 .elementor-element.elementor-element-b0578e4 .e-form__buttons__wrapper__button-previous{background-color:var( --e-global-color-secondary );color:var( --e-global-color-c2046db );}.elementor-548 .elementor-element.elementor-element-b0578e4 .e-form__buttons__wrapper__button-next:hover{background-color:var( --e-global-color-c2046db );color:var( --e-global-color-primary );}.elementor-548 .elementor-element.elementor-element-b0578e4 .elementor-button[type=\"submit\"]:hover{background-color:var( --e-global-color-c2046db );color:var( --e-global-color-primary );}.elementor-548 .elementor-element.elementor-element-b0578e4 .elementor-button[type=\"submit\"]:hover svg *{fill:var( --e-global-color-primary );}.elementor-548 .elementor-element.elementor-element-b0578e4 .e-form__buttons__wrapper__button-previous:hover{background-color:var( --e-global-color-c2046db );color:var( --e-global-color-primary );}.elementor-548 .elementor-element.elementor-element-b0578e4 .elementor-message{font-family:var( --e-global-typography-text-font-family ), Sans-serif;font-size:var( --e-global-typography-text-font-size );font-weight:var( --e-global-typography-text-font-weight );line-height:var( --e-global-typography-text-line-height );}.elementor-548 .elementor-element.elementor-element-b0578e4 .elementor-message.elementor-message-success{color:var( --e-global-color-616d23d );}.elementor-548 .elementor-element.elementor-element-b0578e4 .elementor-message.elementor-message-danger{color:var( --e-global-color-616d23d );}.elementor-548 .elementor-element.elementor-element-b0578e4 .elementor-message.elementor-help-inline{color:var( --e-global-color-616d23d );}.elementor-548 .elementor-element.elementor-element-b0578e4{--e-form-steps-indicators-spacing:20px;--e-form-steps-indicator-padding:30px;--e-form-steps-indicator-inactive-secondary-color:#ffffff;--e-form-steps-indicator-active-secondary-color:#ffffff;--e-form-steps-indicator-completed-secondary-color:#ffffff;--e-form-steps-divider-width:1px;--e-form-steps-divider-gap:10px;}@media(max-width:1366px){.elementor-548 .elementor-element.elementor-element-ee879d1{--margin-top:0px;--margin-bottom:0px;--margin-left:0px;--margin-right:0px;--padding-top:0px;--padding-bottom:0px;--padding-left:0px;--padding-right:0px;}.elementor-548 .elementor-element.elementor-element-4207e24{--padding-top:0px;--padding-bottom:0px;--padding-left:0px;--padding-right:0px;}.elementor-548 .elementor-element.elementor-element-bad5a22 .elementor-heading-title{font-size:32px;}.elementor-548 .elementor-element.elementor-element-0ef0ebe{font-size:var( --e-global-typography-6ca0153-font-size );line-height:var( --e-global-typography-6ca0153-line-height );}.elementor-548 .elementor-element.elementor-element-3a072d3 .elementor-heading-title{font-size:var( --e-global-typography-145e55f-font-size );line-height:var( --e-global-typography-145e55f-line-height );letter-spacing:var( --e-global-typography-145e55f-letter-spacing );}.elementor-548 .elementor-element.elementor-element-b0578e4 .elementor-button{font-size:var( --e-global-typography-9c5fee8-font-size );line-height:var( --e-global-typography-9c5fee8-line-height );}.elementor-548 .elementor-element.elementor-element-b0578e4 .elementor-message{font-size:var( --e-global-typography-text-font-size );line-height:var( --e-global-typography-text-line-height );}}@media(max-width:1200px){.elementor-548 .elementor-element.elementor-element-8dc16c0{--padding-top:80px;--padding-bottom:80px;--padding-left:20px;--padding-right:20px;}.elementor-548 .elementor-element.elementor-element-bad5a22 .elementor-heading-title{font-size:29px;}}@media(max-width:1024px){.elementor-548 .elementor-element.elementor-element-eafe575{--margin-top:0px;--margin-bottom:0px;--margin-left:0px;--margin-right:0px;--padding-top:0px;--padding-bottom:0px;--padding-left:0px;--padding-right:0px;}.elementor-548 .elementor-element.elementor-element-8dc16c0{--padding-top:50px;--padding-bottom:50px;--padding-left:50px;--padding-right:50px;}.elementor-548 .elementor-element.elementor-element-4207e24{--padding-top:0px;--padding-bottom:0px;--padding-left:0px;--padding-right:0px;}.elementor-548 .elementor-element.elementor-element-bad5a22 > .elementor-widget-container{margin:0px 0px 20px 0px;}.elementor-548 .elementor-element.elementor-element-bad5a22 .elementor-heading-title{font-size:30px;line-height:1.3em;}.elementor-548 .elementor-element.elementor-element-0ef0ebe{font-size:var( --e-global-typography-6ca0153-font-size );line-height:var( --e-global-typography-6ca0153-line-height );}.elementor-548 .elementor-element.elementor-element-ad64e63{--padding-top:50px;--padding-bottom:50px;--padding-left:50px;--padding-right:50px;}.elementor-548 .elementor-element.elementor-element-3a072d3 .elementor-heading-title{font-size:var( --e-global-typography-145e55f-font-size );line-height:var( --e-global-typography-145e55f-line-height );letter-spacing:var( --e-global-typography-145e55f-letter-spacing );}.elementor-548 .elementor-element.elementor-element-b0578e4 .elementor-button{font-size:var( --e-global-typography-9c5fee8-font-size );line-height:var( --e-global-typography-9c5fee8-line-height );}.elementor-548 .elementor-element.elementor-element-b0578e4 .elementor-message{font-size:var( --e-global-typography-text-font-size );line-height:var( --e-global-typography-text-line-height );}}@media(max-width:880px){.elementor-548 .elementor-element.elementor-element-eafe575{--margin-top:0px;--margin-bottom:0px;--margin-left:0px;--margin-right:0px;}}@media(max-width:767px){.elementor-548 .elementor-element.elementor-element-8dc16c0{--padding-top:30px;--padding-bottom:30px;--padding-left:15px;--padding-right:15px;}.elementor-548 .elementor-element.elementor-element-bad5a22 .elementor-heading-title{font-size:28px;line-height:1.3em;}.elementor-548 .elementor-element.elementor-element-0ef0ebe{font-size:var( --e-global-typography-6ca0153-font-size );line-height:var( --e-global-typography-6ca0153-line-height );}.elementor-548 .elementor-element.elementor-element-ad64e63{--padding-top:40px;--padding-bottom:40px;--padding-left:15px;--padding-right:15px;}.elementor-548 .elementor-element.elementor-element-3a072d3 .elementor-heading-title{font-size:var( --e-global-typography-145e55f-font-size );line-height:var( --e-global-typography-145e55f-line-height );letter-spacing:var( --e-global-typography-145e55f-letter-spacing );}.elementor-548 .elementor-element.elementor-element-b0578e4 .elementor-button{font-size:var( --e-global-typography-9c5fee8-font-size );line-height:var( --e-global-typography-9c5fee8-line-height );}.elementor-548 .elementor-element.elementor-element-b0578e4 .elementor-message{font-size:var( --e-global-typography-text-font-size );line-height:var( --e-global-typography-text-line-height );}}@media(min-width:768px){.elementor-548 .elementor-element.elementor-element-8dc16c0{--width:40%;}.elementor-548 .elementor-element.elementor-element-4207e24{--width:100%;}.elementor-548 .elementor-element.elementor-element-ad64e63{--width:60%;}}@media(max-width:1024px) and (min-width:768px){.elementor-548 .elementor-element.elementor-element-8dc16c0{--width:100%;}.elementor-548 .elementor-element.elementor-element-ad64e63{--width:100%;}}@media(min-width:1367px){.elementor-548 .elementor-element.elementor-element-8dc16c0:not(.elementor-motion-effects-element-type-background), .elementor-548 .elementor-element.elementor-element-8dc16c0 > .elementor-motion-effects-container > .elementor-motion-effects-layer{background-attachment:fixed;}}<\/style>\t\t<div data-elementor-type=\"wp-page\" data-elementor-id=\"548\" class=\"elementor elementor-548\" data-elementor-post-type=\"page\">\n\t\t\t\t<div class=\"elementor-element elementor-element-eafe575 e-con-full e-flex e-con e-parent\" data-id=\"eafe575\" data-element_type=\"container\">\n\t\t<div class=\"elementor-element elementor-element-8dc16c0 e-con-full e-flex e-con e-child\" data-id=\"8dc16c0\" data-element_type=\"container\" data-settings=\"{&quot;background_background&quot;:&quot;classic&quot;}\">\n\t\t<div class=\"elementor-element elementor-element-ee879d1 e-con-full e-flex e-con e-child\" data-id=\"ee879d1\" data-element_type=\"container\">\n\t\t<div class=\"elementor-element elementor-element-4207e24 e-con-full e-flex e-con e-child\" data-id=\"4207e24\" data-element_type=\"container\">\n\t\t\t\t<div class=\"elementor-element elementor-element-bad5a22 elementor-widget__width-initial elementor-widget elementor-widget-heading\" data-id=\"bad5a22\" data-element_type=\"widget\" data-widget_type=\"heading.default\">\n\t\t\t\t<div class=\"elementor-widget-container\">\n\t\t\t\t\t<h2 class=\"elementor-heading-title elementor-size-default\">Connectez-vous \u00e0  NEX-p\u00e9rience<\/h2>\t\t\t\t<\/div>\n\t\t\t\t<\/div>\n\t\t\t\t<div class=\"elementor-element elementor-element-0ef0ebe elementor-widget__width-initial elementor-widget elementor-widget-text-editor\" data-id=\"0ef0ebe\" data-element_type=\"widget\" data-widget_type=\"text-editor.default\">\n\t\t\t\t<div class=\"elementor-widget-container\">\n\t\t\t\t\t\t\t\t\tContactez-nous pour <b>r\u00e9volutionner l\u2019engagement de votre public<\/b> avec NEX-p\u00e9rience.\t\t\t\t\t\t\t\t<\/div>\n\t\t\t\t<\/div>\n\t\t\t\t<\/div>\n\t\t\t\t<\/div>\n\t\t\t\t<\/div>\n\t\t<div class=\"elementor-element elementor-element-ad64e63 e-con-full e-flex e-con e-child\" data-id=\"ad64e63\" data-element_type=\"container\" data-settings=\"{&quot;background_background&quot;:&quot;classic&quot;}\">\n\t\t\t\t<div class=\"elementor-element elementor-element-3a072d3 elementor-widget__width-initial elementor-widget elementor-widget-heading\" data-id=\"3a072d3\" data-element_type=\"widget\" data-widget_type=\"heading.default\">\n\t\t\t\t<div class=\"elementor-widget-container\">\n\t\t\t\t\t<h2 class=\"elementor-heading-title elementor-size-default\">Contactez-nous<\/h2>\t\t\t\t<\/div>\n\t\t\t\t<\/div>\n\t\t\t\t<div class=\"elementor-element elementor-element-b0578e4 elementor-button-align-stretch elementor-widget elementor-widget-form\" data-id=\"b0578e4\" data-element_type=\"widget\" data-settings=\"{&quot;button_width&quot;:&quot;33&quot;,&quot;step_next_label&quot;:&quot;Next&quot;,&quot;step_previous_label&quot;:&quot;Previous&quot;,&quot;step_type&quot;:&quot;number_text&quot;,&quot;step_icon_shape&quot;:&quot;circle&quot;}\" data-widget_type=\"form.default\">\n\t\t\t\t<div class=\"elementor-widget-container\">\n\t\t\t\t\t\t\t<form class=\"elementor-form\" method=\"post\" name=\"NEX-Perience Contact \" aria-label=\"NEX-Perience Contact \">\n\t\t\t<input type=\"hidden\" name=\"post_id\" value=\"548\"\/>\n\t\t\t<input type=\"hidden\" name=\"form_id\" value=\"b0578e4\"\/>\n\t\t\t<input type=\"hidden\" name=\"referer_title\" value=\"\" \/>\n\n\t\t\t\n\t\t\t<div class=\"elementor-form-fields-wrapper elementor-labels-\">\n\t\t\t\t\t\t\t\t<div class=\"elementor-field-type-text elementor-field-group elementor-column elementor-field-group-name elementor-col-50 elementor-field-required\">\n\t\t\t\t\t\t\t\t\t\t\t\t<label for=\"form-field-name\" class=\"elementor-field-label elementor-screen-only\">\n\t\t\t\t\t\t\t\tVotre nom\t\t\t\t\t\t\t<\/label>\n\t\t\t\t\t\t\t\t\t\t\t\t\t\t<input size=\"1\" type=\"text\" name=\"form_fields[name]\" id=\"form-field-name\" class=\"elementor-field elementor-size-sm  elementor-field-textual\" placeholder=\"*Votre nom\" required=\"required\">\n\t\t\t\t\t\t\t\t\t\t\t<\/div>\n\t\t\t\t\t\t\t\t<div class=\"elementor-field-type-email elementor-field-group elementor-column elementor-field-group-email elementor-col-50 elementor-field-required\">\n\t\t\t\t\t\t\t\t\t\t\t\t<label for=\"form-field-email\" class=\"elementor-field-label elementor-screen-only\">\n\t\t\t\t\t\t\t\tCourriel\t\t\t\t\t\t\t<\/label>\n\t\t\t\t\t\t\t\t\t\t\t\t\t\t<input size=\"1\" type=\"email\" name=\"form_fields[email]\" id=\"form-field-email\" class=\"elementor-field elementor-size-sm  elementor-field-textual\" placeholder=\"*Votre courriel\" required=\"required\">\n\t\t\t\t\t\t\t\t\t\t\t<\/div>\n\t\t\t\t\t\t\t\t<div class=\"elementor-field-type-tel elementor-field-group elementor-column elementor-field-group-field_6f58e0b elementor-col-50\">\n\t\t\t\t\t\t\t\t\t\t\t\t<label for=\"form-field-field_6f58e0b\" class=\"elementor-field-label elementor-screen-only\">\n\t\t\t\t\t\t\t\tT\u00e9l\u00e9phone\t\t\t\t\t\t\t<\/label>\n\t\t\t\t\t\t\t\t<input size=\"1\" type=\"tel\" name=\"form_fields[field_6f58e0b]\" id=\"form-field-field_6f58e0b\" class=\"elementor-field elementor-size-sm  elementor-field-textual\" placeholder=\"Votre t\u00e9l\u00e9phone\" pattern=\"[0-9()#&amp;+*-=.]+\" title=\"Seuls les caract\u00e8res de num\u00e9ros de t\u00e9l\u00e9phone (#, -, *, etc.) sont accept\u00e9s.\">\n\n\t\t\t\t\t\t<\/div>\n\t\t\t\t\t\t\t\t<div class=\"elementor-field-type-text elementor-field-group elementor-column elementor-field-group-field_44f5bfd elementor-col-50\">\n\t\t\t\t\t\t\t\t\t\t\t\t<label for=\"form-field-field_44f5bfd\" class=\"elementor-field-label elementor-screen-only\">\n\t\t\t\t\t\t\t\tOrganization\t\t\t\t\t\t\t<\/label>\n\t\t\t\t\t\t\t\t\t\t\t\t\t\t<input size=\"1\" type=\"text\" name=\"form_fields[field_44f5bfd]\" id=\"form-field-field_44f5bfd\" class=\"elementor-field elementor-size-sm  elementor-field-textual\" placeholder=\"Organization\">\n\t\t\t\t\t\t\t\t\t\t\t<\/div>\n\t\t\t\t\t\t\t\t<div class=\"elementor-field-type-textarea elementor-field-group elementor-column elementor-field-group-message elementor-col-100\">\n\t\t\t\t\t\t\t\t\t\t\t\t<label for=\"form-field-message\" class=\"elementor-field-label elementor-screen-only\">\n\t\t\t\t\t\t\t\tMessage\t\t\t\t\t\t\t<\/label>\n\t\t\t\t\t\t<textarea class=\"elementor-field-textual elementor-field  elementor-size-sm\" name=\"form_fields[message]\" id=\"form-field-message\" rows=\"7\" placeholder=\"*Votre message\"><\/textarea>\t\t\t\t<\/div>\n\t\t\t\t\t\t\t\t<div class=\"elementor-field-type-text\">\n\t\t\t\t\t<input size=\"1\" type=\"text\" name=\"form_fields[field_4addce0]\" id=\"form-field-field_4addce0\" class=\"elementor-field elementor-size-sm \" style=\"display:none !important;\">\t\t\t\t<\/div>\n\t\t\t\t\t\t\t\t<div class=\"elementor-field-type-recaptcha_v3 elementor-field-group elementor-column elementor-field-group-field_04d853a elementor-col-100 recaptcha_v3-bottomright\">\n\t\t\t\t\t<div class=\"elementor-field\" id=\"form-field-field_04d853a\"><div class=\"elementor-g-recaptcha\" data-sitekey=\"6LdgwIooAAAAAIyG2LiPpTS0y5r5vCc0T1zkEHJK\" data-type=\"v3\" data-action=\"Form\" data-badge=\"bottomright\" data-size=\"invisible\"><\/div><\/div>\t\t\t\t<\/div>\n\t\t\t\t\t\t\t\t<div class=\"elementor-field-group elementor-column elementor-field-type-submit elementor-col-33 e-form__buttons\">\n\t\t\t\t\t<button class=\"elementor-button elementor-size-sm\" type=\"submit\">\n\t\t\t\t\t\t<span class=\"elementor-button-content-wrapper\">\n\t\t\t\t\t\t\t\t\t\t\t\t\t\t\t\t\t\t\t\t\t\t<span class=\"elementor-button-text\">Envoyez<\/span>\n\t\t\t\t\t\t\t\t\t\t\t\t\t<\/span>\n\t\t\t\t\t<\/button>\n\t\t\t\t<\/div>\n\t\t\t<\/div>\n\t\t<\/form>\n\t\t\t\t\t\t<\/div>\n\t\t\t\t<\/div>\n\t\t\t\t<\/div>\n\t\t\t\t<\/div>\n\t\t\t\t<\/div>\n\t\t","protected":false},"excerpt":{"rendered":"<p>Connectez-vous \u00e0 NEX-p\u00e9rience Contactez-nous pour r\u00e9volutionner l\u2019engagement de votre public avec NEX-p\u00e9rience. Contactez-nous<\/p>\n","protected":false},"author":1,"featured_media":0,"parent":0,"menu_order":0,"comment_status":"closed","ping_status":"closed","template":"elementor_header_footer","meta":{"_acf_changed":false,"footnotes":""},"class_list":["post-548","page","type-page","status-publish","hentry"],"acf":[],"_links":{"self":[{"href":"https:\/\/nex-perience.com\/fr\/wp-json\/wp\/v2\/pages\/548","targetHints":{"allow":["GET"]}}],"collection":[{"href":"https:\/\/nex-perience.com\/fr\/wp-json\/wp\/v2\/pages"}],"about":[{"href":"https:\/\/nex-perience.com\/fr\/wp-json\/wp\/v2\/types\/page"}],"author":[{"embeddable":true,"href":"https:\/\/nex-perience.com\/fr\/wp-json\/wp\/v2\/users\/1"}],"replies":[{"embeddable":true,"href":"https:\/\/nex-perience.com\/fr\/wp-json\/wp\/v2\/comments?post=548"}],"version-history":[{"count":50,"href":"https:\/\/nex-perience.com\/fr\/wp-json\/wp\/v2\/pages\/548\/revisions"}],"predecessor-version":[{"id":1963,"href":"https:\/\/nex-perience.com\/fr\/wp-json\/wp\/v2\/pages\/548\/revisions\/1963"}],"wp:attachment":[{"href":"https:\/\/nex-perience.com\/fr\/wp-json\/wp\/v2\/media?parent=548"}],"curies":[{"name":"wp","href":"https:\/\/api.w.org\/{rel}","templated":true}]}}